{"id":6044,"date":"2017-10-05T16:00:18","date_gmt":"2017-10-05T14:00:18","guid":{"rendered":"http:\/\/helfenohnegrenzen.org\/it\/?page_id=6044"},"modified":"2022-05-12T15:08:56","modified_gmt":"2022-05-12T13:08:56","slug":"tutela_della_privacy","status":"publish","type":"page","link":"https:\/\/helfenohnegrenzen.org\/it\/tutela_della_privacy\/","title":{"rendered":"Tutela della privacy"},"content":{"rendered":"<div   class='avia-fullscreen-slider main_color   avia-builder-el-0  el_before_av_section  avia-builder-el-first  container_wrap sidebar_right'  >\n<style type=\"text\/css\" data-created_by=\"avia_inline_auto\" id=\"style-css-av-kpxtzqkt-9cc08bda38c5f68def2ab2d963ce7b59\">\n#top #wrap_all .avia-slideshow .av-slideshow-caption.av-kpxtzqkt-9cc08bda38c5f68def2ab2d963ce7b59__0 .avia-caption-title{\nfont-size:30px;\n}\n#top .avia-slideshow .av-slideshow-caption.av-kpxtzqkt-9cc08bda38c5f68def2ab2d963ce7b59__0 .avia-caption-content{\nfont-size:30px;\n}\n#top .avia-slideshow .av-slideshow-caption.av-kpxtzqkt-9cc08bda38c5f68def2ab2d963ce7b59__0 .avia-caption-content p{\nfont-size:30px;\n}\n#top #wrap_all .avia-slideshow .av-slideshow-caption.av-kpxtzqkt-9cc08bda38c5f68def2ab2d963ce7b59__1 .avia-caption-title{\nfont-size:30px;\n}\n#top .avia-slideshow .av-slideshow-caption.av-kpxtzqkt-9cc08bda38c5f68def2ab2d963ce7b59__1 .avia-caption-content{\nfont-size:30px;\n}\n#top .avia-slideshow .av-slideshow-caption.av-kpxtzqkt-9cc08bda38c5f68def2ab2d963ce7b59__1 .avia-caption-content p{\nfont-size:30px;\n}\n<\/style>\n<a href='#next-section' title='' class='scroll-down-link av-control-default avia-svg-icon avia-font-svg_entypo-fontello' data-av_svg_icon='down-open-mini' data-av_iconset='svg_entypo-fontello'><svg version=\"1.1\" xmlns=\"http:\/\/www.w3.org\/2000\/svg\" width=\"15\" height=\"32\" viewBox=\"0 0 15 32\" preserveAspectRatio=\"xMidYMid meet\" aria-labelledby='av-svg-title-1' aria-describedby='av-svg-desc-1' role=\"graphics-symbol\" aria-hidden=\"true\">\n<title id='av-svg-title-1'>Scorrere alla sezione successiva<\/title>\n<desc id='av-svg-desc-1'>Scorrere alla sezione successiva<\/desc>\n<path d=\"M12.96 12.16q0.704-0.832 1.536 0 0.832 0.704 0 1.536l-6.272 6.144q-0.704 0.704-1.536 0l-6.272-6.144q-0.832-0.832 0-1.536 0.768-0.768 1.6 0l5.44 4.992z\"><\/path>\n<\/svg><\/a><div  class='avia-slideshow av-kpxtzqkt-9cc08bda38c5f68def2ab2d963ce7b59 avia-slideshow-extra_large av_fullscreen avia-slide-slider av-slideshow-ui av-control-default av-slideshow-autoplay av-loop-endless av-loop-manual-endless av-slider-scroll-down-active av-default-height-applied   avia-slideshow-1' data-slideshow-options=\"{&quot;animation&quot;:&quot;slide&quot;,&quot;autoplay&quot;:true,&quot;loop_autoplay&quot;:&quot;endless&quot;,&quot;interval&quot;:5,&quot;loop_manual&quot;:&quot;manual-endless&quot;,&quot;autoplay_stopper&quot;:false,&quot;noNavigation&quot;:false,&quot;bg_slider&quot;:true,&quot;keep_padding&quot;:false,&quot;hoverpause&quot;:false,&quot;show_slide_delay&quot;:0,&quot;slide_height&quot;:&quot;100&quot;,&quot;image_attachment&quot;:&quot;&quot;}\"  itemprop=\"image\" itemscope=\"itemscope\" itemtype=\"https:\/\/schema.org\/ImageObject\" ><ul class='avia-slideshow-inner ' style='padding-bottom: 44.2666666667%;'><li style='background-position:top left;' data-img-url='https:\/\/helfenohnegrenzen.org\/wp-content\/uploads\/helfen-ohne-grenzen-1500x664.jpg' class='avia-slideshow-slide av-kpxtzqkt-9cc08bda38c5f68def2ab2d963ce7b59__0  slide-1 slide-odd'><div data-rel='slideshow-1' class='avia-slide-wrap '   ><div class='av-slideshow-caption av-kpxtzqkt-9cc08bda38c5f68def2ab2d963ce7b59__0 caption_fullwidth caption_right caption_right_framed caption_framed'><div class=\"container caption_container\"><div class=\"slideshow_caption\"><div class=\"slideshow_inner_caption\"><div class=\"slideshow_align_caption\"><h2 class='avia-caption-title '  itemprop=\"name\" >Aiutare senza Confini<\/h2><div class='avia-caption-content av_inherit_color'  itemprop=\"description\" ><p>Diventa socio!<\/p>\n<\/div><\/div><\/div><\/div><\/div><\/div><\/div><\/li><li style='background-position:top left;' data-img-url='https:\/\/helfenohnegrenzen.org\/wp-content\/uploads\/helfen-ohne-grenzen-2-1500x664.jpg' class='avia-slideshow-slide av-kpxtzqkt-9cc08bda38c5f68def2ab2d963ce7b59__1  slide-2 slide-even'><div data-rel='slideshow-1' class='avia-slide-wrap '   ><div class='av-slideshow-caption av-kpxtzqkt-9cc08bda38c5f68def2ab2d963ce7b59__1 caption_fullwidth caption_right caption_right_framed caption_framed'><div class=\"container caption_container\"><div class=\"slideshow_caption\"><div class=\"slideshow_inner_caption\"><div class=\"slideshow_align_caption\"><h2 class='avia-caption-title '  itemprop=\"name\" >Aiutare senza Confini<\/h2><div class='avia-caption-content '  itemprop=\"description\" ><p>Diventa socio!<\/p>\n<\/div><\/div><\/div><\/div><\/div><\/div><\/div><\/li><\/ul><div class='avia-slideshow-arrows avia-slideshow-controls' ><a href='#prev' class='prev-slide  avia-svg-icon avia-font-svg_entypo-fontello' data-av_svg_icon='left-open-big' data-av_iconset='svg_entypo-fontello' tabindex='-1' title=\"Prec\"><svg version=\"1.1\" xmlns=\"http:\/\/www.w3.org\/2000\/svg\" width=\"15\" height=\"32\" viewBox=\"0 0 15 32\" preserveAspectRatio=\"xMidYMid meet\" aria-labelledby='av-svg-title-2' aria-describedby='av-svg-desc-2' role=\"graphics-symbol\" aria-hidden=\"true\">\n<title id='av-svg-title-2'>Prec<\/title>\n<desc id='av-svg-desc-2'>Prec<\/desc>\n<path d=\"M14.464 27.84q0.832 0.832 0 1.536-0.832 0.832-1.536 0l-12.544-12.608q-0.768-0.768 0-1.6l12.544-12.608q0.704-0.832 1.536 0 0.832 0.704 0 1.536l-11.456 11.904z\"><\/path>\n<\/svg><span class='avia_hidden_link_text'>Prec<\/span><\/a><a href='#next' class='next-slide  avia-svg-icon avia-font-svg_entypo-fontello' data-av_svg_icon='right-open-big' data-av_iconset='svg_entypo-fontello' tabindex='-1' title=\"Succ\"><svg version=\"1.1\" xmlns=\"http:\/\/www.w3.org\/2000\/svg\" width=\"15\" height=\"32\" viewBox=\"0 0 15 32\" preserveAspectRatio=\"xMidYMid meet\" aria-labelledby='av-svg-title-3' aria-describedby='av-svg-desc-3' role=\"graphics-symbol\" aria-hidden=\"true\">\n<title id='av-svg-title-3'>Succ<\/title>\n<desc id='av-svg-desc-3'>Succ<\/desc>\n<path d=\"M0.416 27.84l11.456-11.84-11.456-11.904q-0.832-0.832 0-1.536 0.832-0.832 1.536 0l12.544 12.608q0.768 0.832 0 1.6l-12.544 12.608q-0.704 0.832-1.536 0-0.832-0.704 0-1.536z\"><\/path>\n<\/svg><span class='avia_hidden_link_text'>Succ<\/span><\/a><\/div><div class='avia-slideshow-dots avia-slideshow-controls'><a href='#1' class='goto-slide active' >1<\/a><a href='#2' class='goto-slide ' >2<\/a><\/div><\/div><\/div>\n<div id='spenden_button'  class='avia-section av-kpz4rimv-9f2226134a006a8ca4a65a0a42029b4d main_color avia-section-default avia-no-border-styling  avia-builder-el-1  el_after_av_fullscreen  el_before_av_button  av-small-hide av-mini-hide avia-bg-style-scroll container_wrap sidebar_right'  ><div class='container av-section-cont-open' ><div class='template-page content  av-content-small alpha units'><div class='post-entry post-entry-type-page post-entry-6044'><div class='entry-content-wrapper clearfix'>\n<div  class='avia-button-wrap av-3l8h8c-dfea1d05c717892765165bb9a205aba8-wrap avia-button-right  avia-builder-el-2  avia-builder-el-no-sibling '>\n<style type=\"text\/css\" data-created_by=\"avia_inline_auto\" id=\"style-css-av-3l8h8c-dfea1d05c717892765165bb9a205aba8\">\n#top #wrap_all .avia-button.av-3l8h8c-dfea1d05c717892765165bb9a205aba8{\nbackground-color:#fc7001;\nborder-color:#fc7001;\ncolor:#ffffff;\ntransition:all 0.4s ease-in-out;\n}\n#top #wrap_all .avia-button.av-3l8h8c-dfea1d05c717892765165bb9a205aba8 .avia-svg-icon svg:first-child{\nfill:#ffffff;\nstroke:#ffffff;\n}\n<\/style>\n<a href='https:\/\/helfenohnegrenzen.org\/it\/dona-ora\/'  class='avia-button av-3l8h8c-dfea1d05c717892765165bb9a205aba8 av-link-btn avia-icon_select-no avia-size-large avia-position-right'   aria-label=\"Donare\"><span class='avia_iconbox_title' >Donare<\/span><\/a><\/div>\n<\/div><\/div><\/div><!-- close content main div --><\/div><\/div><div id='after_section_1'  class='main_color av_default_container_wrap container_wrap sidebar_right'  ><div class='container av-section-cont-open' ><div class='template-page content  av-content-small alpha units'><div class='post-entry post-entry-type-page post-entry-6044'><div class='entry-content-wrapper clearfix'>\n<div  id=\"mobile-spenden-button\"  class='avia-button-wrap av-kpz4rotl-e03ea23dc5411c587cefc09067730495-wrap avia-button-right  avia-builder-el-3  el_after_av_section  el_before_av_textblock  avia-builder-el-first '>\n<style type=\"text\/css\" data-created_by=\"avia_inline_auto\" id=\"style-css-av-kpz4rotl-e03ea23dc5411c587cefc09067730495\">\n#top #wrap_all .avia-button.av-kpz4rotl-e03ea23dc5411c587cefc09067730495{\nbackground-color:#fc7001;\nborder-color:#fc7001;\ncolor:#ffffff;\ntransition:all 0.4s ease-in-out;\n}\n#top #wrap_all .avia-button.av-kpz4rotl-e03ea23dc5411c587cefc09067730495 .avia-svg-icon svg:first-child{\nfill:#ffffff;\nstroke:#ffffff;\n}\n<\/style>\n<a href='https:\/\/helfenohnegrenzen.org\/it\/dona-ora\/'  class='avia-button av-kpz4rotl-e03ea23dc5411c587cefc09067730495 av-link-btn avia-icon_select-no avia-size-large avia-position-right av-desktop-hide av-medium-hide'   aria-label=\"Donare\"><span class='avia_iconbox_title' >Donare<\/span><\/a><\/div>\n<section  class='av_textblock_section av-2rkg5o-de95341180d48c712bb41ae033bf1d4e '   itemscope=\"itemscope\" itemtype=\"https:\/\/schema.org\/CreativeWork\" ><div class='avia_textblock'  itemprop=\"text\" ><h1>Privacy<\/h1>\n<p><strong>1. Diritto d\u2019autore<\/strong><\/p>\n<p>I contenuti e le opere presenti su queste pagine e creati dai relativi gestori sono soggetti al diritto d\u2019autore. La riproduzione, la modifica, la diffusione e qualsiasi tipo di riutilizzo al di fuori dei limiti del diritto d\u2019autore necessitano del consenso scritto del relativo autore. Il download e la copia di questo sito sono consentiti solamente previa esplicita autorizzazione.<\/p>\n<p><em>Revoca del consenso al trattamento dei dati<\/em><\/p>\n<p>Numerose procedure di trattamento dei dati possono essere effettuate solamente con il vostro espresso consenso. Il consenso impartito pu\u00f2 essere revocato in ogni momento. Per far ci\u00f2 \u00e8 sufficiente inviarci una comunicazione informale per e-mail. La revoca non influisce sulla liceit\u00e0 del trattamento dei dati effettuato fino al momento della revoca stessa.<\/p>\n<p><em>Diritto di revoca dell\u2019acquisizione dei dati in casi particolari e dell\u2019invio di pubblicit\u00e0 diretta (Art. 21 del GDPR):<\/em><\/p>\n<p>Se il trattamento dei dati viene effettuato sulla base dell\u2019Art. 6 comma 1 lettera e o f del GDPR, avete in ogni momento il diritto, per motivi risultanti dalla vostra situazione particolare, di presentare opposizione nei confronti del trattamento dei vostri dati personali; lo stesso vale anche per la profilazione supportata da dette disposizioni. Il relativo fondamento giuridico sul quale si basa il trattamento \u00e8 riportato nella presente Dichiarazione di tutela dei dati. Se presentate opposizione, non procederemo pi\u00f9 al trattamento dei vostri dati personali, a meno che non possiamo dimostrare l\u2019esistenza di motivi vincolanti, preminenti e legittimi per procedere al trattamento che prevalgono sui vostri interessi, sui vostri diritti e sulle vostre libert\u00e0 fondamentali, oppure a meno che il trattamento non serva per far valere, presentare o difendersi da eventuali richieste (opposizione ai sensi dell\u2019Art. 21 comma 1 del GDPR).<\/p>\n<p>Se il trattamento dei vostri dati personali viene effettuato a fini di invio di pubblicit\u00e0 diretta, avete il diritto di presentare in ogni momento opposizione nei confronti del trattamento dei dati personali coinvolti a fini di invio di detto tipo di pubblicit\u00e0; lo stesso vale anche per la profilazione, nel caso in cui questa sia connessa a tale pubblicit\u00e0 diretta. Se presentate opposizione, in seguito i vostri dati personali non saranno pi\u00f9 utilizzati a fini di pubblicit\u00e0 diretta (opposizione ai sensi dell\u2019Art. 21 comma 2 del GDPR).<\/p>\n<p style=\"text-align: left;\"><strong>2.Acquisizione di dati sul nostro sito web<\/strong><\/p>\n<p style=\"text-align: left;\">Cookies<\/p>\n<p>I siti internet utilizzano in parte i cosiddetti cookie. I cookie non provocano danni al computer e non contengono virus. Essi servono a rendere le nostre proposte pi\u00f9 user-friendly, pi\u00f9 efficaci e pi\u00f9 sicure. I cookie sono piccoli file di testo che vengono salvati sul PC e che vengono memorizzati dal browser.<\/p>\n<p>La maggior parte dei cookie da noi utilizzati \u00e8 composta dai cosiddetti \u201ccookie di sessione\u201d. Al termine della visita del sito, questi vengono cancellati automaticamente. Altri tipi di cookie rimangono sul vostro terminale fino a quando non vengono da voi cancellati. Questi cookie ci consentono di riconoscere il vostro browser alla visita successiva.<\/p>\n<p>Potete impostare il vostro browser in modo da essere informati dell\u2019installazione dei cookie e da consentirli solo nel singolo caso o in determinati casi, oppure da escluderli in generale, oppure ancora da attivarne la cancellazione automatica alla chiusura del browser. Se si disattivano i cookie, la funzionalit\u00e0 di questo sito web pu\u00f2 essere limitata.<\/p>\n<p>I cookie necessari all\u2019effettuazione di procedure elettroniche di comunicazione o alla messa a disposizione di determinate funzioni da voi desiderate (ad es. la funzione carrello), vengono memorizzati sulla base dell\u2019Art. 6 comma 1 lettera f del GDPR. Il gestore del sito possiede un interesse giustificato nella memorizzazione dei cookie per poter mettere a disposizione i propri servizi regolarmente e in maniera ottimizzata dal punto di vista tecnico. Se vengono memorizzati altri cookie (ad es. cookie di analisi del comportamento di navigazione), questi saranno trattati a parte nella presente Dichiarazione di tutela dei dati.<\/p>\n<p style=\"text-align: left;\">Modulo di contatto<\/p>\n<p>Se ci inviate richieste mediante il modulo di contatto, i dati presenti nel modulo di richiesta, inclusi i dati di contatto da voi inseriti, saranno da noi conservati a fini di elaborazione della richiesta e nel caso di domande successive. Questi dati non saranno inoltrati senza il vostro consenso.<\/p>\n<p>Il trattamento dei dati contenuti nel modulo di contatto viene effettuato quindi esclusivamente sulla base del vostro consenso (Art. 6 comma 1 lettera a del GDPR). Il consenso impartito pu\u00f2 essere revocato in qualsiasi momento. Per far ci\u00f2 \u00e8 sufficiente inviarci una comunicazione informale per e-mail. La revoca non influisce sulla liceit\u00e0 delle procedure di trattamento dei dati effettuate fino al momento della revoca stessa.<\/p>\n<p>I dati da voi inseriti nel modulo di contatto saranno da noi conservati finch\u00e9 voi non ne richiederete la cancellazione, non revocherete il consenso alla conservazione o finch\u00e9 non decade lo scopo della loro conservazione (ad es. al termine dell\u2019elaborazione della vostra richiesta). Rimangono inalterate disposizioni di legge vincolanti, in particolare in merito ai termini di conservazione.<\/p>\n<p style=\"text-align: left;\"><strong>3. Social media<\/strong><\/p>\n<p style=\"text-align: left;\">Facebook plugins (&#8220;Mi piace&#8221; &amp; &#8220;Condividi&#8221;)<\/p>\n<p>Sulle nostre pagine sono stati integrati i plugin del social network Facebook, fornitore Facebook Inc., 1 Hacker Way, Menlo Park, California 94025, USA. I plugin di Facebook si riconoscono dal logo di Facebook o dal pulsante \u201cLike\u201d (\u201cMi piace\u201d) sulla nostra pagina. Troverete una panoramica dei plugin di Facebook qui: <a href=\"https:\/\/developers.facebook.com\/docs\/plugins\" target=\"_blank\" rel=\"noopener noreferrer\">https:\/\/developers.facebook.com\/docs\/plugins<\/a>.<\/p>\n<p>Quando visitate una delle nostre pagine, viene realizzato un collegamento diretto tra il vostro browser e il server di Facebook mediante il plugin. In questo modo Facebook riceve l\u2019informazione relativa alla visita della pagina da parte del vostro indirizzo IP. Se cliccate sul pulsante \u201cMi piace\u201d di Facebook dopo aver effettuato l\u2019accesso al proprio account Facebook, potete collegare i contenuti delle nostre pagine al vostro profilo Facebook. In questo modo Facebook \u00e8 in grado di associare al vostro account utente la visita alle nostre pagine. Facciamo presente che, in qualit\u00e0 di operatori delle pagine web, non possiamo essere a conoscenza del contenuto dei dati inoltrati e del relativo utilizzo da parte di Facebook. Ulteriori informazioni al riguardo sono riportate nella normativa sui dati di Facebook all\u2019indirizzo: <a href=\"https:\/\/www.facebook.com\/about\/privacy\/\" target=\"_blank\" rel=\"noopener noreferrer\">https:\/\/www.facebook.com\/about\/privacy\/<\/a>.<\/p>\n<p>Se non desiderate che Facebook assegni la visita delle nostre pagine al vostro account Facebook, \u00e8 necessario scollegarsi da Facebook.<\/p>\n<p>L\u2019utilizzo dei plugin di Facebook viene effettuato sulla base dell\u2019Art. 6 comma 1 lettera f del GDPR. Il gestore del sito web possiede un interesse giustificato nella pi\u00f9 ampia visibilit\u00e0 possibile del sito nei social media.<\/p>\n<p>Plugin di Instagram<\/p>\n<p>Sulle nostre pagine sono presenti funzioni del servizio Instagram. Queste funzioni vengono proposte e integrate da Instagram Inc., 1601 Willow Road, Menlo Park, CA 94025, USA.<\/p>\n<p>Se avete effettuato il login al vostro account Instagram, cliccando sul pulsante Instagram potete collegare i contenuti delle nostre pagine al vostro profilo Instagram. In questo modo Instagram \u00e8 in grado di associare al vostro account utente la visita alle nostre pagine. Facciamo presente che, in qualit\u00e0 di operatori delle pagine web, non possiamo essere a conoscenza del contenuto dei dati inoltrati e del relativo utilizzo da parte di Instagram.<\/p>\n<p>L\u2019utilizzo del plugin di Instagram viene effettuato sulla base dell\u2019Art. 6 comma 1 lettera f del GDPR. Il gestore del sito web possiede un interesse giustificato affinch\u00e9 il sito abbia la pi\u00f9 ampia visibilit\u00e0 possibile nei social media.<\/p>\n<p>Ulteriori informazioni al riguardo sono riportate nella normativa sui dati di Instagram all\u2019indirizzo: <a href=\"https:\/\/help.instagram.com\/519522125107875\" target=\"_blank\" rel=\"noopener noreferrer\">https:\/\/help.instagram.com\/519522125107875<\/a>.<\/p>\n<p style=\"text-align: left;\"><strong>4. Analytics and advertising<\/strong><br \/>\nGoogle Analytics<\/p>\n<p>Questo sito web utilizza le funzioni del servizio di analisi web Google Analytics. Il fornitore di questo servizio \u00e8 Google Inc., 1600 Amphitheatre Parkway, Mountain View, CA 94043, USA.<\/p>\n<p>Google Analytics utilizza i cosiddetti \u201ccookie\u201d, cio\u00e8 file di testo installati sul vostro computer che permettono di analizzare l\u2019utilizzo del sito web da parte vostra. Le informazioni generate dai cookie mediante l\u2019utilizzo di questo sito da parte vostra vengono di norma inoltrate a un server di Google negli Stati Uniti, e l\u00ec salvate.<\/p>\n<p>Il salvataggio dei cookie di Google Analytics e l\u2019utilizzo di questo tool di analisi vengono effettuati sulla base dell\u2019Art. 6 comma 1 lettera f del GDPR. Il gestore del sito web possiede un interesse giustificato nell\u2019analisi del profilo di consumo per ottimizzare sia la propria offerta sul web che la propria pubblicit\u00e0.<\/p>\n<p style=\"text-align: left;\">Browser plugin<\/p>\n<p>Potete impedire l\u2019installazione dei cookie con un\u2019apposita impostazione del software del browser; facciamo tuttavia presente che in questo caso non sar\u00e0 eventualmente possibile utilizzare integralmente le funzioni di questo sito. Potete quindi impedire la raccolta dei dati generati dai cookie e relativi all\u2019utilizzo del sito web (incluso l\u2019indirizzo IP) nonch\u00e9 il trattamento di detti dati da parte di Google scaricando e installando il plugin disponibile al seguente link: <a href=\"https:\/\/tools.google.com\/dlpage\/gaoptout?hl=it\" target=\"_blank\" rel=\"noopener noreferrer\">https:\/\/tools.google.com\/dlpage\/gaoptout?hl=it<\/a>.<\/p>\n<p>Opposizione nei confronti dell\u2019acquisizione dei dati<\/p>\n<p>\u00c8 possibile impedire il rilevamento dei vostri dati da parte di Google Analytics cliccando sul seguente link. Sar\u00e0 installato un cookie di opt-out che impedisce il rilevamento dei vostri dati nelle visite successive di questo sito web: <a>Disattivazione di Google Analytics<\/a>.<\/p>\n<p>Maggiori informazioni relative alle modalit\u00e0 di utilizzo dei dati degli utenti da parte di Google Analytics sono riportate nella normativa sulla privacy e sulla protezione dei dati di Google: <a href=\"https:\/\/support.google.com\/analytics\/answer\/6004245?hl=it\" target=\"_blank\" rel=\"noopener noreferrer\">https:\/\/support.google.com\/analytics\/answer\/6004245?hl=it<\/a>.<\/p>\n<p>Caratteristiche demografiche di Google Analytics<\/p>\n<p>Il presente sito web utilizza la funzione \u201cCaratteristiche demografiche\u201d di Google Analytics. Detta funzione consente di stendere rapporti che contengono affermazioni sull\u2019et\u00e0, il sesso e gli interessi dei visitatori del sito. Questi dati derivano dalla pubblicit\u00e0 di Google mirata agli interessi dell\u2019utente, e dai dati dei visitatori acquisiti da operatori terzi. Questi dati non possono essere associati a determinate persone. \u00c8 possibile disattivare questa funzione in qualsiasi momento modificando le impostazioni sugli annunci presenti nel vostro account Google, oppure impedire in generale l\u2019acquisizione dei vostri dati da parte di Google Analytics come descritto in \u201cOpposizione nei confronti dell\u2019acquisizione dei dati\u201d.<\/p>\n<p style=\"text-align: left;\"><strong>5. Newsletter<\/strong><\/p>\n<p>Dati della Newsletter<\/p>\n<p>Se decidete di ricevere la Newsletter proposta dal sito web, abbiamo bisogno di ricevere il vostro indirizzo e-mail e le informazioni che ci consentano di verificare che voi siate gli effettivi titolari dell\u2019indirizzo e-mail indicato e che acconsentiate a ricevere la Newsletter. Non saranno acquisiti altri dati, a meno che ci\u00f2 non avvenga su base volontaria. Questi dati saranno da noi utilizzati esclusivamente per l\u2019invio delle informazioni richieste e non saranno inoltrati a terzi.<\/p>\n<p>Il trattamento dei dati contenuti nel modulo di registrazione alla Newsletter viene effettuato quindi esclusivamente sulla base del vostro consenso (Art. 6 comma 1 lettera a del GDPR). Il consenso impartito alla conservazione dei dati e dell\u2019indirizzo e-mail e al loro utilizzo per l\u2019invio della Newsletter pu\u00f2 essere revocato in qualsiasi momento, ad esempio mediante il link \u201cDisiscriviti\u201d contenuto nella Newsletter. La revoca non influisce sulla liceit\u00e0 delle procedure di trattamento dei dati gi\u00e0 effettuate.<\/p>\n<p>I dati da voi indicati a fini di ricezione della Newsletter saranno da noi conservati fino alla vostra cancellazione, e cancellati a disiscrizione avvenuta. Ci\u00f2 non riguarda i dati da noi conservati per altri scopi.<\/p>\n<p style=\"text-align: left;\"><strong>6. Plugins and tools<\/strong><br \/>\nYouTube<\/p>\n<p>Il nostro sito web utilizza i plugin del sito YouTube gestito da Google. Il gestore \u00e8 YouTube, LLC, 901 Cherry Ave., San Bruno, CA 94066, USA.<\/p>\n<p>Se consultate una delle nostre pagine dotate di plugin di YouTube, viene creato un collegamento con i server di YouTube. In questo caso viene comunicato al server di YouTube quale delle nostre pagine \u00e8 stata visitata.<\/p>\n<p>Youtube pu\u00f2 inoltre salvare diversi cookie sul vostro terminale. Con l\u2019ausilio di detti cookie Youtube pu\u00f2 ricevere informazioni sui visitatori delle nostre pagine web. Dette informazioni vengono utilizzate ad esempio per registrare videostatistiche, migliorare la facilit\u00e0 di impiego e prevenire i tentativi di frode. I cookie rimangono sul vostro terminale fino a quando non vengono da voi cancellati.<\/p>\n<p>Se avete effettuato il login sul vostro account YouTube, consentite a YouTube di associare il vostro comportamento di navigazione direttamente al vostro profilo personale. Potete impedire ci\u00f2 effettuando il logout dal vostro account YouTube.<\/p>\n<p>L\u2019utilizzo di YouTube avviene nell\u2019interesse di una rappresentazione gradevole delle nostre offerte online. Ci\u00f2 rappresenta un interesse giustificato ai sensi dell\u2019Art. 6 comma 1 lettera f del GDPR.<\/p>\n<p>Ulteriori informazioni sull\u2019utilizzo dei dati degli utenti sono riportate nelle norme sulla privacy di YouTube all\u2019indirizzo: https:\/\/support.google.com\/youtube\/answer\/2801895?hl=it.<\/p>\n<p style=\"text-align: left;\"><strong>7. Operatori di pagamento e rivenditori<\/strong><\/p>\n<p>PayPal<\/p>\n<p>Sul nostro sito web proponiamo tra gli altri il pagamento tramite PayPal. La societ\u00e0 facente capo a questo servizio di pagamento \u00e8 PayPal (Europe) S.\u00e0 r.l. et Cie, S.C.A., 22-24 Boulevard Royal, L-2449 Luxembourg (qui di seguito denominata \u201cPayPal\u201d).<\/p>\n<p>Se selezionate il pagamento tramite PayPal, i vostri dati di pagamento saranno inoltrati a PayPal.<\/p>\n<p>L\u2019inoltro di detti dati a PayPal avviene sulla base dell\u2019Art. 6 comma 1 lettera a del GDPR (consenso) e dell\u2019Art. 6 comma 1 lettera b del GDPR (trattamento a fini di adempimento del contratto). Avete la possibilit\u00e0 di revocare il vostro consenso al trattamento dei dati in qualsiasi momento. La revoca non influisce sull\u2019efficacia delle procedure di trattamento dei dati effettuate in passato.<\/p>\n<\/div><\/section>\n","protected":false},"excerpt":{"rendered":"","protected":false},"author":2,"featured_media":0,"parent":0,"menu_order":0,"comment_status":"closed","ping_status":"closed","template":"","meta":{"footnotes":""},"class_list":["post-6044","page","type-page","status-publish","hentry"],"_links":{"self":[{"href":"https:\/\/helfenohnegrenzen.org\/it\/wp-json\/wp\/v2\/pages\/6044","targetHints":{"allow":["GET"]}}],"collection":[{"href":"https:\/\/helfenohnegrenzen.org\/it\/wp-json\/wp\/v2\/pages"}],"about":[{"href":"https:\/\/helfenohnegrenzen.org\/it\/wp-json\/wp\/v2\/types\/page"}],"author":[{"embeddable":true,"href":"https:\/\/helfenohnegrenzen.org\/it\/wp-json\/wp\/v2\/users\/2"}],"replies":[{"embeddable":true,"href":"https:\/\/helfenohnegrenzen.org\/it\/wp-json\/wp\/v2\/comments?post=6044"}],"version-history":[{"count":2,"href":"https:\/\/helfenohnegrenzen.org\/it\/wp-json\/wp\/v2\/pages\/6044\/revisions"}],"predecessor-version":[{"id":11478,"href":"https:\/\/helfenohnegrenzen.org\/it\/wp-json\/wp\/v2\/pages\/6044\/revisions\/11478"}],"wp:attachment":[{"href":"https:\/\/helfenohnegrenzen.org\/it\/wp-json\/wp\/v2\/media?parent=6044"}],"curies":[{"name":"wp","href":"https:\/\/api.w.org\/{rel}","templated":true}]}}