{"id":4084,"date":"2016-11-03T12:08:33","date_gmt":"2016-11-03T11:08:33","guid":{"rendered":"http:\/\/helfenohnegrenzen.org\/it\/?page_id=4084"},"modified":"2026-01-29T12:14:36","modified_gmt":"2026-01-29T11:14:36","slug":"diventare-padrino","status":"publish","type":"page","link":"https:\/\/helfenohnegrenzen.org\/it\/diventare-padrino\/","title":{"rendered":"Diventare padrino"},"content":{"rendered":"<div   class='avia-fullscreen-slider main_color   avia-builder-el-0  el_before_av_section  avia-builder-el-first  container_wrap sidebar_right'  >\n<style type=\"text\/css\" data-created_by=\"avia_inline_auto\" id=\"style-css-av-kpxqms48-08c683998cc558f15b5fec56086816d9\">\n#top #wrap_all .avia-slideshow .av-slideshow-caption.av-kpxqms48-08c683998cc558f15b5fec56086816d9__0 .avia-caption-title{\nfont-size:30px;\n}\n#top .avia-slideshow .av-slideshow-caption.av-kpxqms48-08c683998cc558f15b5fec56086816d9__0 .avia-caption-content{\nfont-size:30px;\n}\n#top .avia-slideshow .av-slideshow-caption.av-kpxqms48-08c683998cc558f15b5fec56086816d9__0 .avia-caption-content p{\nfont-size:30px;\n}\n<\/style>\n<a href='#next-section' title='' class='scroll-down-link av-control-default avia-svg-icon avia-font-svg_entypo-fontello' data-av_svg_icon='down-open-mini' data-av_iconset='svg_entypo-fontello'><svg version=\"1.1\" xmlns=\"http:\/\/www.w3.org\/2000\/svg\" width=\"15\" height=\"32\" viewBox=\"0 0 15 32\" preserveAspectRatio=\"xMidYMid meet\" aria-labelledby='av-svg-title-1' aria-describedby='av-svg-desc-1' role=\"graphics-symbol\" aria-hidden=\"true\">\n<title id='av-svg-title-1'>Scorrere alla sezione successiva<\/title>\n<desc id='av-svg-desc-1'>Scorrere alla sezione successiva<\/desc>\n<path d=\"M12.96 12.16q0.704-0.832 1.536 0 0.832 0.704 0 1.536l-6.272 6.144q-0.704 0.704-1.536 0l-6.272-6.144q-0.832-0.832 0-1.536 0.768-0.768 1.6 0l5.44 4.992z\"><\/path>\n<\/svg><\/a><div  class='avia-slideshow av-kpxqms48-08c683998cc558f15b5fec56086816d9 avia-slideshow-extra_large av_fullscreen avia-slide-slider av-slideshow-ui av-control-default av-slideshow-autoplay av-loop-endless av-loop-manual-endless av-slider-scroll-down-active av-default-height-applied   avia-slideshow-1' data-slideshow-options=\"{&quot;animation&quot;:&quot;slide&quot;,&quot;autoplay&quot;:true,&quot;loop_autoplay&quot;:&quot;endless&quot;,&quot;interval&quot;:5,&quot;loop_manual&quot;:&quot;manual-endless&quot;,&quot;autoplay_stopper&quot;:false,&quot;noNavigation&quot;:false,&quot;bg_slider&quot;:true,&quot;keep_padding&quot;:false,&quot;hoverpause&quot;:false,&quot;show_slide_delay&quot;:0,&quot;slide_height&quot;:&quot;100&quot;,&quot;image_attachment&quot;:&quot;&quot;}\"  itemprop=\"image\" itemscope=\"itemscope\" itemtype=\"https:\/\/schema.org\/ImageObject\" ><ul class='avia-slideshow-inner ' style='padding-bottom: 66.6666666667%;'><li style='background-position:top left;' data-img-url='https:\/\/helfenohnegrenzen.org\/wp-content\/uploads\/MG_6541neu.jpg' class='avia-slideshow-slide av-kpxqms48-08c683998cc558f15b5fec56086816d9__0  av-single-slide slide-1 slide-odd'><div data-rel='slideshow-1' class='avia-slide-wrap '   ><div class='av-slideshow-caption av-kpxqms48-08c683998cc558f15b5fec56086816d9__0 caption_fullwidth caption_right caption_right_framed caption_framed'><div class=\"container caption_container\"><div class=\"slideshow_caption\"><div class=\"slideshow_inner_caption\"><div class=\"slideshow_align_caption\"><h2 class='avia-caption-title '  itemprop=\"name\" >Sostieni<\/h2><div class='avia-caption-content av_inherit_color'  itemprop=\"description\" ><p>i nostri progetti!<\/p>\n<\/div><\/div><\/div><\/div><\/div><\/div><\/div><\/li><\/ul><\/div><\/div>\n<div id='spenden_button'  class='avia-section av-kpy09xer-05f93e2477c2813c7fb59d72c0c4aa25 main_color avia-section-default avia-no-border-styling  avia-builder-el-1  el_after_av_fullscreen  el_before_av_button  av-small-hide av-mini-hide avia-bg-style-scroll container_wrap sidebar_right'  ><div class='container av-section-cont-open' ><div class='template-page content  av-content-small alpha units'><div class='post-entry post-entry-type-page post-entry-4084'><div class='entry-content-wrapper clearfix'>\n<div  class='avia-button-wrap av-rzu0uc-7b502e6b0c7d62533d36068af2b676eb-wrap avia-button-right  avia-builder-el-2  avia-builder-el-no-sibling '>\n<style type=\"text\/css\" data-created_by=\"avia_inline_auto\" id=\"style-css-av-rzu0uc-7b502e6b0c7d62533d36068af2b676eb\">\n#top #wrap_all .avia-button.av-rzu0uc-7b502e6b0c7d62533d36068af2b676eb{\nbackground-color:#fc7001;\nborder-color:#fc7001;\ncolor:#ffffff;\ntransition:all 0.4s ease-in-out;\n}\n#top #wrap_all .avia-button.av-rzu0uc-7b502e6b0c7d62533d36068af2b676eb .avia-svg-icon svg:first-child{\nfill:#ffffff;\nstroke:#ffffff;\n}\n<\/style>\n<a href='https:\/\/helfenohnegrenzen.org\/it\/dona-ora\/'  class='avia-button av-rzu0uc-7b502e6b0c7d62533d36068af2b676eb av-link-btn avia-icon_select-no avia-size-large avia-position-right'   aria-label=\"Donare\"><span class='avia_iconbox_title' >Donare<\/span><\/a><\/div>\n<\/div><\/div><\/div><!-- close content main div --><\/div><\/div><div id='after_section_1'  class='main_color av_default_container_wrap container_wrap sidebar_right'  ><div class='container av-section-cont-open' ><div class='template-page content  av-content-small alpha units'><div class='post-entry post-entry-type-page post-entry-4084'><div class='entry-content-wrapper clearfix'>\n<div  id=\"mobile-spenden-button\"  class='avia-button-wrap av-kpy37b1e-cfb1d5ef14263b51bd2c96a742b4ba97-wrap avia-button-right  avia-builder-el-3  el_after_av_section  el_before_av_textblock  avia-builder-el-first '>\n<style type=\"text\/css\" data-created_by=\"avia_inline_auto\" id=\"style-css-av-kpy37b1e-cfb1d5ef14263b51bd2c96a742b4ba97\">\n#top #wrap_all .avia-button.av-kpy37b1e-cfb1d5ef14263b51bd2c96a742b4ba97{\nbackground-color:#fc7001;\nborder-color:#fc7001;\ncolor:#ffffff;\ntransition:all 0.4s ease-in-out;\n}\n#top #wrap_all .avia-button.av-kpy37b1e-cfb1d5ef14263b51bd2c96a742b4ba97 .avia-svg-icon svg:first-child{\nfill:#ffffff;\nstroke:#ffffff;\n}\n<\/style>\n<a href='https:\/\/helfenohnegrenzen.org\/it\/dona-ora\/'  class='avia-button av-kpy37b1e-cfb1d5ef14263b51bd2c96a742b4ba97 av-link-btn avia-icon_select-no avia-size-large avia-position-right av-desktop-hide av-medium-hide'   aria-label=\"Donare\"><span class='avia_iconbox_title' >Donare<\/span><\/a><\/div>\n<section  class='av_textblock_section av-lzvw0k-996b6362af6bb03d322e83ea6efe1100 '   itemscope=\"itemscope\" itemtype=\"https:\/\/schema.org\/CreativeWork\" ><div class='avia_textblock'  itemprop=\"text\" ><h1 style=\"text-align: center;\"><strong>Diventare padrino di una scuola<\/strong><\/h1>\n<h3 style=\"text-align: center;\">Creare stabilit\u00e0 e prospettive<\/h3>\n<p>Essere padrino significa sostenere un vostro <strong>progetto del cuore<\/strong> a lungo termine e in modo sostenibile! Una sponsorizzazione \u00e8 un modo di aiutare diretto e personale, perch\u00e9 come padrino di progetto contribuite attivamente al miglioramento della <strong>qualit\u00e0 di vita<\/strong> dei nostri bambini. Attraverso la vostra sponsorizzazione diventate una parte importante della nostra famiglia di Aiuto senza Confini.<\/p>\n<p>Essere padrino per\u00f2 \u00e8 anche un <strong>impegno<\/strong> e per questo motivo vi chiediamo di mantenere il vostro sostegno per almeno <strong>3 anni<\/strong> e di garantire una donazione annuale di almeno <strong>2.500 euro<\/strong>, in modo da poter creare una continuit\u00e0 per il progetto.<\/p>\n<p>Avete voglia di diventare padrini con la vostra <strong>azienda<\/strong>, insieme alla vostra <strong>famiglia<\/strong> o ai vostri <strong>amici<\/strong>? Siamo felici di informarvi!<\/p>\n<\/div><\/section>\n\n<style type=\"text\/css\" data-created_by=\"avia_inline_auto\" id=\"style-css-av-fndxr8-d5cdc15a528be2367d95c9ce75ba363d\">\n.flex_column.av-fndxr8-d5cdc15a528be2367d95c9ce75ba363d{\nborder-radius:0px 0px 0px 0px;\npadding:0px 0px 0px 0px;\n}\n<\/style>\n<div  class='flex_column av-fndxr8-d5cdc15a528be2367d95c9ce75ba363d av_one_half  avia-builder-el-5  el_after_av_textblock  el_before_av_one_half  first flex_column_div av-zero-column-padding  column-top-margin'     ><section  class='av_textblock_section av-euy9wk-5e3fe223a65d7b3c21649e9fbcac4a79 '   itemscope=\"itemscope\" itemtype=\"https:\/\/schema.org\/CreativeWork\" ><div class='avia_textblock'  itemprop=\"text\" ><h3 style=\"text-align: right;\"><strong>Potete diventare<\/strong><br \/>\n<strong> padrini per:<\/strong><\/h3>\n<\/div><\/section><\/div>\n\n<style type=\"text\/css\" data-created_by=\"avia_inline_auto\" id=\"style-css-av-c6yk1g-964d9541212cfc701b02248cf4c12324\">\n.flex_column.av-c6yk1g-964d9541212cfc701b02248cf4c12324{\nborder-radius:0px 0px 0px 0px;\npadding:0px 0px 0px 0px;\n}\n<\/style>\n<div  class='flex_column av-c6yk1g-964d9541212cfc701b02248cf4c12324 av_one_half  avia-builder-el-7  el_after_av_one_half  el_before_av_hr  flex_column_div av-zero-column-padding  column-top-margin'     ><style type=\"text\/css\" data-created_by=\"avia_inline_auto\" id=\"style-css-av-kpxqn6q2-5a244f0ede395d581feb11f161921cb6\">\n#top .av_textblock_section.av-kpxqn6q2-5a244f0ede395d581feb11f161921cb6 .avia_textblock{\nfont-size:20px;\n}\n<\/style>\n<section  class='av_textblock_section av-kpxqn6q2-5a244f0ede395d581feb11f161921cb6 '   itemscope=\"itemscope\" itemtype=\"https:\/\/schema.org\/CreativeWork\" ><div class='avia_textblock'  itemprop=\"text\" ><ul>\n<li style=\"text-align: left;\">una scuola <a href=\"https:\/\/helfenohnegrenzen.org\/it\/scuole-ray-of-hope\/\" target=\"_blank\" rel=\"noopener\"><strong>Ray of Hope<\/strong><\/a><\/li>\n<li>una progetto giovanile <a href=\"https:\/\/helfenohnegrenzen.org\/it\/progetto-giovanile\/\" target=\"_blank\" rel=\"noopener\"><strong>Rays of Youth<\/strong><\/a><\/li>\n<\/ul>\n<\/div><\/section><\/div>\n\n<style type=\"text\/css\" data-created_by=\"avia_inline_auto\" id=\"style-css-av-ak6ux0-87847cd3a5f28a93913b1aafed91a281\">\n#top .hr.hr-invisible.av-ak6ux0-87847cd3a5f28a93913b1aafed91a281{\nheight:30px;\n}\n<\/style>\n<div  class='hr av-ak6ux0-87847cd3a5f28a93913b1aafed91a281 hr-invisible  avia-builder-el-9  el_after_av_one_half  el_before_av_one_half '><span class='hr-inner '><span class=\"hr-inner-style\"><\/span><\/span><\/div>\n\n<style type=\"text\/css\" data-created_by=\"avia_inline_auto\" id=\"style-css-av-zeqhw-bbba6382254d79b499756c211654753d\">\n.flex_column.av-zeqhw-bbba6382254d79b499756c211654753d{\nborder-radius:0px 0px 0px 0px;\npadding:0px 0px 0px 0px;\n}\n<\/style>\n<div  class='flex_column av-zeqhw-bbba6382254d79b499756c211654753d av_one_half  avia-builder-el-10  el_after_av_hr  el_before_av_one_half  first flex_column_div av-zero-column-padding  '     ><section  class='av_textblock_section av-6sn3mc-bce75a97bafc5ee6007ff34c9d35c0a0 '   itemscope=\"itemscope\" itemtype=\"https:\/\/schema.org\/CreativeWork\" ><div class='avia_textblock'  itemprop=\"text\" ><h3 style=\"text-align: right;\"><strong>Con il vostro<\/strong><br \/>\n<strong>contributo finanziate:<\/strong><\/h3>\n<\/div><\/section><\/div>\n\n<style type=\"text\/css\" data-created_by=\"avia_inline_auto\" id=\"style-css-av-6bs3ro-26dee575d03a4806d3248229ebfa57d4\">\n.flex_column.av-6bs3ro-26dee575d03a4806d3248229ebfa57d4{\nborder-radius:0px 0px 0px 0px;\npadding:0px 0px 0px 0px;\n}\n<\/style>\n<div  class='flex_column av-6bs3ro-26dee575d03a4806d3248229ebfa57d4 av_one_half  avia-builder-el-12  el_after_av_one_half  el_before_av_hr  flex_column_div av-zero-column-padding  '     ><style type=\"text\/css\" data-created_by=\"avia_inline_auto\" id=\"style-css-av-kpxqnce1-98a93b92ef41407d19d7025b92b3e325\">\n#top .av_textblock_section.av-kpxqnce1-98a93b92ef41407d19d7025b92b3e325 .avia_textblock{\nfont-size:20px;\n}\n<\/style>\n<section  class='av_textblock_section av-kpxqnce1-98a93b92ef41407d19d7025b92b3e325 '   itemscope=\"itemscope\" itemtype=\"https:\/\/schema.org\/CreativeWork\" ><div class='avia_textblock'  itemprop=\"text\" ><ul>\n<li>Stipendi degli insegnanti<\/li>\n<li>Materiali scolastici<\/li>\n<li>Uniformi scolastiche<\/li>\n<li>Trasporto alunni<\/li>\n<li>Affitto del terreno per la scuola<\/li>\n<li>Costi di gestione del progetto<\/li>\n<li>Costi operativi<\/li>\n<\/ul>\n<\/div><\/section><\/div>\n<style type=\"text\/css\" data-created_by=\"avia_inline_auto\" id=\"style-css-av-3o2o9w-7df737a9f736f909a68d7ef318d8d607\">\n#top .hr.hr-invisible.av-3o2o9w-7df737a9f736f909a68d7ef318d8d607{\nheight:30px;\n}\n<\/style>\n<div  class='hr av-3o2o9w-7df737a9f736f909a68d7ef318d8d607 hr-invisible  avia-builder-el-14  el_after_av_one_half  el_before_av_textblock '><span class='hr-inner '><span class=\"hr-inner-style\"><\/span><\/span><\/div><\/p>\n<section  class='av_textblock_section av-2qv45g-0a19f8bec2f599df77883f8d2da1765d '   itemscope=\"itemscope\" itemtype=\"https:\/\/schema.org\/CreativeWork\" ><div class='avia_textblock'  itemprop=\"text\" ><h1 style=\"text-align: left;\"><\/h1>\n<h3 style=\"text-align: center;\"><strong>Quali sono i vantaggi di una sponsorizzazione?<\/strong><\/h3>\n<p>Ogni padrino riceve regolarmente <strong>informazioni<\/strong> riguardo il proprio progetto in forma di relazioni scritte e foto, il resoconto annuale e il bilancio. I nostri padrini vengono pubblicati sul nostro <strong>sito<\/strong> e nel nostro resoconto attivit\u00e0 annuale.<br \/>\nUna <strong>visita<\/strong> personale in loco per conoscere ancora meglio le attivit\u00e0 del progetto \u00e8 un\u2019esperienza molto emotiva, sia per i padrini stessi che per i bambini.<\/p>\n<\/div><\/section>\n<\/div><\/div><\/div><!-- close content main div --><\/div><\/div><div   class='avia-fullscreen-slider main_color   avia-builder-el-16  el_after_av_textblock  avia-builder-el-last  slider-not-first container_wrap sidebar_right'  ><div  class='avia-slideshow av-kpxqm9ha-31b0d9076211e8a3fea24edd0f435b8b avia-slideshow-extra_large av_fullscreen avia-slide-slider av-slideshow-ui av-control-default av-slideshow-manual av-loop-once av-loop-manual-endless av-default-height-applied   avia-slideshow-2' data-slideshow-options=\"{&quot;animation&quot;:&quot;slide&quot;,&quot;autoplay&quot;:false,&quot;loop_autoplay&quot;:&quot;once&quot;,&quot;interval&quot;:5,&quot;loop_manual&quot;:&quot;manual-endless&quot;,&quot;autoplay_stopper&quot;:false,&quot;noNavigation&quot;:false,&quot;bg_slider&quot;:true,&quot;keep_padding&quot;:false,&quot;hoverpause&quot;:false,&quot;show_slide_delay&quot;:0,&quot;slide_height&quot;:&quot;100&quot;,&quot;image_attachment&quot;:&quot;&quot;}\"  itemprop=\"image\" itemscope=\"itemscope\" itemtype=\"https:\/\/schema.org\/ImageObject\" ><ul class='avia-slideshow-inner ' style='padding-bottom: 50.8%;'><li style='background-position:center center;' data-img-url='https:\/\/helfenohnegrenzen.org\/wp-content\/uploads\/helfen-ohne-grenzen-1-1500x762.jpg' class='avia-slideshow-slide av-kpxqm9ha-31b0d9076211e8a3fea24edd0f435b8b__0  av-single-slide slide-1 slide-odd'><div data-rel='slideshow-2' class='avia-slide-wrap '   ><\/div><\/li><\/ul><\/div><\/div>\n","protected":false},"excerpt":{"rendered":"","protected":false},"author":2,"featured_media":0,"parent":0,"menu_order":0,"comment_status":"closed","ping_status":"closed","template":"","meta":{"footnotes":""},"class_list":["post-4084","page","type-page","status-publish","hentry"],"_links":{"self":[{"href":"https:\/\/helfenohnegrenzen.org\/it\/wp-json\/wp\/v2\/pages\/4084","targetHints":{"allow":["GET"]}}],"collection":[{"href":"https:\/\/helfenohnegrenzen.org\/it\/wp-json\/wp\/v2\/pages"}],"about":[{"href":"https:\/\/helfenohnegrenzen.org\/it\/wp-json\/wp\/v2\/types\/page"}],"author":[{"embeddable":true,"href":"https:\/\/helfenohnegrenzen.org\/it\/wp-json\/wp\/v2\/users\/2"}],"replies":[{"embeddable":true,"href":"https:\/\/helfenohnegrenzen.org\/it\/wp-json\/wp\/v2\/comments?post=4084"}],"version-history":[{"count":24,"href":"https:\/\/helfenohnegrenzen.org\/it\/wp-json\/wp\/v2\/pages\/4084\/revisions"}],"predecessor-version":[{"id":19307,"href":"https:\/\/helfenohnegrenzen.org\/it\/wp-json\/wp\/v2\/pages\/4084\/revisions\/19307"}],"wp:attachment":[{"href":"https:\/\/helfenohnegrenzen.org\/it\/wp-json\/wp\/v2\/media?parent=4084"}],"curies":[{"name":"wp","href":"https:\/\/api.w.org\/{rel}","templated":true}]}}